{"id":79,"date":"2022-10-09T20:56:05","date_gmt":"2022-10-09T18:56:05","guid":{"rendered":"https:\/\/romar.rkc.si\/?page_id=79"},"modified":"2022-12-06T09:08:47","modified_gmt":"2022-12-06T08:08:47","slug":"mesecna-srecanja","status":"publish","type":"page","link":"https:\/\/romar.rkc.si\/?page_id=79","title":{"rendered":"Zakaj bi postal ROMAR?"},"content":{"rendered":"\n<p>Beseda Romar je v srednjem veku ozna\u010devala osebo, ki gre v Rim. Latinska beseda \u00bbperegrinus\u00ab pomeni romar. Koren \u00bbper ager\u00ab pomeni iti \u010dez polja, ali \u00bbper eger\u00ab iti \u010dez mejo. Za Rimljane je \u00bbperegrinus\u00ab pomenil popotnika ali tujca. Izraz je versko konotacijo dobil \u0161ele kasneje in s\u010dasoma za\u010del pomeniti bo\u017ejepotnika. Slovenski izraz bo\u017ejepotni\u0161tvo ali romanje tako pomeni potovanje s ciljem, ki je tako fizi\u010dni kot duhovni. Pravi cilj romanja je namre\u010d sre\u010danje s Svetim. Ko besedo romar preberemo nazaj, (r)amor, dobimo ljubezen in Bog je ljubezen. 1 Jn 4,7\u201316: \u00bbTisti, ki ostaja v ljubezni, ostaja v Bogu in Bog ostaja v njem.\u00ab<\/p>\n\n\n\n<figure class=\"wp-block-gallery has-nested-images columns-default is-cropped wp-block-gallery-1 is-layout-flex wp-block-gallery-is-layout-flex\">\n<figure class=\"wp-block-image size-large\"><img loading=\"lazy\" decoding=\"async\" width=\"1024\" height=\"577\" data-id=\"496\" src=\"https:\/\/romar.rkc.si\/wp-content\/uploads\/2022\/12\/Nisi-sam-1024x577.png\" alt=\"\" class=\"wp-image-496\" srcset=\"https:\/\/romar.rkc.si\/wp-content\/uploads\/2022\/12\/Nisi-sam-1024x577.png 1024w, https:\/\/romar.rkc.si\/wp-content\/uploads\/2022\/12\/Nisi-sam-300x169.png 300w, https:\/\/romar.rkc.si\/wp-content\/uploads\/2022\/12\/Nisi-sam-768x433.png 768w, https:\/\/romar.rkc.si\/wp-content\/uploads\/2022\/12\/Nisi-sam-1536x865.png 1536w, https:\/\/romar.rkc.si\/wp-content\/uploads\/2022\/12\/Nisi-sam-360x203.png 360w, https:\/\/romar.rkc.si\/wp-content\/uploads\/2022\/12\/Nisi-sam.png 1640w\" sizes=\"auto, (max-width: 1024px) 100vw, 1024px\" \/><\/figure>\n\n\n\n<figure class=\"wp-block-image size-large\"><img loading=\"lazy\" decoding=\"async\" width=\"1024\" height=\"577\" data-id=\"495\" src=\"https:\/\/romar.rkc.si\/wp-content\/uploads\/2022\/12\/Srecanje-1024x577.png\" alt=\"\" class=\"wp-image-495\" srcset=\"https:\/\/romar.rkc.si\/wp-content\/uploads\/2022\/12\/Srecanje-1024x577.png 1024w, https:\/\/romar.rkc.si\/wp-content\/uploads\/2022\/12\/Srecanje-300x169.png 300w, https:\/\/romar.rkc.si\/wp-content\/uploads\/2022\/12\/Srecanje-768x433.png 768w, https:\/\/romar.rkc.si\/wp-content\/uploads\/2022\/12\/Srecanje-1536x865.png 1536w, https:\/\/romar.rkc.si\/wp-content\/uploads\/2022\/12\/Srecanje-360x203.png 360w, https:\/\/romar.rkc.si\/wp-content\/uploads\/2022\/12\/Srecanje.png 1640w\" sizes=\"auto, (max-width: 1024px) 100vw, 1024px\" \/><\/figure>\n<\/figure>\n\n\n\n<p><strong>Romanje s svetim Ignacijem Lojolskim mi podari:<\/strong><strong><\/strong><\/p>\n\n\n\n<ul class=\"wp-block-list\">\n<li>tedensko osebno spremljanje in stalno molitveno podporo,<\/li>\n\n\n\n<li>vsakodnevno premi\u0161ljevanje Bo\u017eje besede,<\/li>\n\n\n\n<li>spoznavanje in raziskovanje Boga, prepoznavanje njegovega delovanja v mojem \u017eivljenju,<\/li>\n\n\n\n<li>prepoznavanje delovanja hudega v mojem \u017eivljenju in kam me vodi moj Ego,<\/li>\n\n\n\n<li>odkrivanje veli\u010dine Boga, predvsem ljubezni s katero nas ljubi troedini Bog in zame osebno skrbi,<\/li>\n\n\n\n<li>spoznanje kam me \u017eeli odpeljati Sveti Duh in kaj je Bo\u017eja volja zame,<\/li>\n\n\n\n<li>urejenost in veselje do \u017eivljenja,<\/li>\n\n\n\n<li>pomembnost dana\u0161njega dne, moja preteklost in prihodnost sta del Bo\u017ejega na\u010drta,<\/li>\n\n\n\n<li>iskrene in prave prijatelje,<\/li>\n\n\n\n<li>polnej\u0161e in bogatej\u0161e medosebne odnose,<\/li>\n\n\n\n<li>du\u0161ni mir,<\/li>\n\n\n\n<li>o\u010di\u0161\u010denje, svobodo, samospo\u0161tovanje in dostojanstvo,<\/li>\n\n\n\n<li>vztrajnost, zaupanje in vero,<\/li>\n\n\n\n<li>osvobajanje lastnih omejitev, predsodkov, zamer, nezadovoljstva in gre\u0161nih nagnjenj,<\/li>\n\n\n\n<li>ve\u010d milosti, darov in sadov,<\/li>\n\n\n\n<li>dar razlo\u010devanja, dar modrosti in zavedanja, da sem in bom vedno Bo\u017eji otrok,<\/li>\n\n\n\n<li>ljubezen in odpu\u0161\u010danje,<\/li>\n\n\n\n<li>osvoboditev strahov, \u017ealosti in jeze<\/li>\n\n\n\n<li>spro\u0161\u010denost in spoznanje, da nikoli nisi sam,<\/li>\n\n\n\n<li>poni\u017enost, radost, upanje in hvale\u017enost,<\/li>\n\n\n\n<li>in \u0161e obilje drugega.<\/li>\n<\/ul>\n\n\n<div class=\"wp-block-image\">\n<figure class=\"aligncenter size-large is-resized\"><img loading=\"lazy\" decoding=\"async\" src=\"https:\/\/romar.rkc.si\/wp-content\/uploads\/2022\/12\/Vodenje-1024x577.png\" alt=\"\" class=\"wp-image-494\" width=\"443\" height=\"249\" srcset=\"https:\/\/romar.rkc.si\/wp-content\/uploads\/2022\/12\/Vodenje-1024x577.png 1024w, https:\/\/romar.rkc.si\/wp-content\/uploads\/2022\/12\/Vodenje-300x169.png 300w, https:\/\/romar.rkc.si\/wp-content\/uploads\/2022\/12\/Vodenje-768x433.png 768w, https:\/\/romar.rkc.si\/wp-content\/uploads\/2022\/12\/Vodenje-1536x865.png 1536w, https:\/\/romar.rkc.si\/wp-content\/uploads\/2022\/12\/Vodenje-360x203.png 360w, https:\/\/romar.rkc.si\/wp-content\/uploads\/2022\/12\/Vodenje.png 1640w\" sizes=\"auto, (max-width: 443px) 100vw, 443px\" \/><\/figure>\n<\/div>","protected":false},"excerpt":{"rendered":"<p>Beseda Romar je v srednjem veku ozna\u010devala osebo, ki gre v Rim. Latinska beseda \u00bbperegrinus\u00ab pomeni romar. Koren \u00bbper ager\u00ab pomeni iti \u010dez polja, ali \u00bbper eger\u00ab iti \u010dez mejo. Za Rimljane je \u00bbperegrinus\u00ab pomenil popotnika ali tujca. Izraz je <a href=\"https:\/\/romar.rkc.si\/?page_id=79\" class=\"read-more\">Preberi ve\u010d &#8230;<\/a><\/p>\n","protected":false},"author":1,"featured_media":493,"parent":0,"menu_order":0,"comment_status":"closed","ping_status":"closed","template":"","meta":{"footnotes":""},"class_list":["post-79","page","type-page","status-publish","has-post-thumbnail","hentry"],"_links":{"self":[{"href":"https:\/\/romar.rkc.si\/index.php?rest_route=\/wp\/v2\/pages\/79","targetHints":{"allow":["GET"]}}],"collection":[{"href":"https:\/\/romar.rkc.si\/index.php?rest_route=\/wp\/v2\/pages"}],"about":[{"href":"https:\/\/romar.rkc.si\/index.php?rest_route=\/wp\/v2\/types\/page"}],"author":[{"embeddable":true,"href":"https:\/\/romar.rkc.si\/index.php?rest_route=\/wp\/v2\/users\/1"}],"replies":[{"embeddable":true,"href":"https:\/\/romar.rkc.si\/index.php?rest_route=%2Fwp%2Fv2%2Fcomments&post=79"}],"version-history":[{"count":10,"href":"https:\/\/romar.rkc.si\/index.php?rest_route=\/wp\/v2\/pages\/79\/revisions"}],"predecessor-version":[{"id":498,"href":"https:\/\/romar.rkc.si\/index.php?rest_route=\/wp\/v2\/pages\/79\/revisions\/498"}],"wp:featuredmedia":[{"embeddable":true,"href":"https:\/\/romar.rkc.si\/index.php?rest_route=\/wp\/v2\/media\/493"}],"wp:attachment":[{"href":"https:\/\/romar.rkc.si\/index.php?rest_route=%2Fwp%2Fv2%2Fmedia&parent=79"}],"curies":[{"name":"wp","href":"https:\/\/api.w.org\/{rel}","templated":true}]}}