{"id":499,"date":"2022-12-05T11:35:57","date_gmt":"2022-12-05T10:35:57","guid":{"rendered":"https:\/\/romar.rkc.si\/?page_id=499"},"modified":"2022-12-06T09:03:36","modified_gmt":"2022-12-06T08:03:36","slug":"sv-ignacij-lojolski-2","status":"publish","type":"page","link":"https:\/\/romar.rkc.si\/?page_id=499","title":{"rendered":"Sv. Ignacij Lojolski"},"content":{"rendered":"\n<p>Njegovo krstno ime je I\u0144igo. Ime Ignacij pa ima svoje osnove v latinski besedi ignis \u00bbogenj\u00ab.\u00a0Je svetnik, ki je cerkvi dal duhovne vaje in pape\u017ea Fran\u010di\u0161ka, ki je kot \u010dlan dru\u017ebe Jezusove prvi jezuit v zgodovini Cerkve na pape\u0161kem polo\u017eaju. Zavetnik:\u00a0jezuitov ter nekaterih krajev in \u0161kofij v \u0160paniji, vojakov, nose\u010dnic, otrok, duhovnih vaj in hi\u0161 za duhovne vaje. Priporo\u010dajo se mu pri te\u017ekih porodih, proti kugi, vro\u010dici, pred slabo vestjo, proti \u017eivalskim boleznim&#8230; Avtobiografija<strong>\u00a0Romarjeva pripoved<\/strong>\u00a0nam na osebno globok na\u010din prikazuje korake, kako je Bog vodil Ignacija na poti spreobrnjenja in duhovnega dozorevanja.<\/p>\n\n\n\n<p>Ignacij Lojolski se je rodil leta 1491 v \u0161panski pokrajini Baskija. Vite\u0161ka vzgoja in izobrazba za dvornega pa\u017ea sta v njem vzbudila veliko \u017eeljo po slavi in sanjarjenje o slu\u017eenju dvornim damam. Pri tridesetih letih mu je ob branjenju Pamplone topovska krogla razmesarila nogo. V ve\u010dmese\u010dnem okrevanju pa se je njegovo \u017eivljenje pri\u010delo temeljito spreminjati. Ob branju Svetega pisma in \u017eivljenja svetnikov je za\u010del postavljati pod vpra\u0161aj svoje dotedanje \u017eivljenjske ideale in se vse bolj navdu\u0161evati ob zgledih svetnikov.<\/p>\n\n\n\n<p>Po okrevanju je zapustil doma\u010di grad v Lojoli in se odpravil na romanje. V Manresi, kraju blizu Montserrata v Kataloniji, je pre\u017eivel eno leto v molitvi in askezi. V tem \u010dasu je do\u017eivljal velike notranje spremembe v sebi, kar sam imenuje spreobrnjenje. Svojo izku\u0161njo molitve tega \u010dasa je zapustil v znameniti knji\u017eici Duhovne vaje.<\/p>\n\n\n\n<p>V svojem delu&nbsp;je predstavil kontemplativno molitev in edinstveno meditativno metodo, ki je bila sprva mi\u0161ljena kot 30-dnevni umik v ti\u0161ini in molitvi, z duhovnim vodnikom, ki nudi refleksije in du\u0161i pomaga pri globokem spreobrnjenju h Kristusu.<\/p>\n\n\n<div class=\"wp-block-image\">\n<figure class=\"aligncenter size-large is-resized\"><img loading=\"lazy\" decoding=\"async\" src=\"https:\/\/romar.rkc.si\/wp-content\/uploads\/2022\/12\/Sv.-Ignacij-Lojolski-1024x1024.png\" alt=\"\" class=\"wp-image-502\" width=\"606\" height=\"606\" srcset=\"https:\/\/romar.rkc.si\/wp-content\/uploads\/2022\/12\/Sv.-Ignacij-Lojolski-1024x1024.png 1024w, https:\/\/romar.rkc.si\/wp-content\/uploads\/2022\/12\/Sv.-Ignacij-Lojolski-300x300.png 300w, https:\/\/romar.rkc.si\/wp-content\/uploads\/2022\/12\/Sv.-Ignacij-Lojolski-150x150.png 150w, https:\/\/romar.rkc.si\/wp-content\/uploads\/2022\/12\/Sv.-Ignacij-Lojolski-768x768.png 768w, https:\/\/romar.rkc.si\/wp-content\/uploads\/2022\/12\/Sv.-Ignacij-Lojolski-1536x1536.png 1536w, https:\/\/romar.rkc.si\/wp-content\/uploads\/2022\/12\/Sv.-Ignacij-Lojolski-270x270.png 270w, https:\/\/romar.rkc.si\/wp-content\/uploads\/2022\/12\/Sv.-Ignacij-Lojolski.png 1654w\" sizes=\"auto, (max-width: 606px) 100vw, 606px\" \/><\/figure>\n<\/div>\n\n\n<p>Njegova \u017eelja je bila, da bi lahko \u017eivel in deloval v Sveti de\u017eeli, v krajih, kjer je \u017eivel in deloval Jezus. Zato se je odpravil na romanje v Jeruzalem. Vendar mu zaradi politi\u010dnih razmer tistega \u010dasa ni bilo dano, da bi lahko ostal tam. Ob vrnitvi v Evropo pa se je po premisleku posvetil \u0161tudiju latin\u0161\u010dine in filozofije v Parizu. \u017delel je pomagati du\u0161am, kot se je sam izrazil. Govoriti z ljudmi o evangeliju in jim na podlagi lastne izku\u0161nje duhovnih vaj pomagati, da bi tudi sami iskali in na\u0161li Boga, ter svoj odgovor na njegovo ljubezen. Kot neizobra\u017een laik pa je imel v \u010dasu inkvizicije precej te\u017eav z obto\u017ebami o hereziji, zato se je posvetil filozofskemu in potem \u0161e teolo\u0161kemu \u0161tudiju. Skupaj s \u0161estimi prijatelji, ki jih je zbral ob sebi v \u010dasu \u0161tudija v Parizu, je 15. avgusta 1534 na Montmartru naredil zaobljube \u010distosti in neporo\u010denosti. Odlo\u010dili so se tudi, da bodo romali v Jeruzalem, \u010desar pa zaradi vojne s Turki niso mogli uresni\u010diti. Namesto tega so od\u0161li v Rim in se leta 1538 ponudili na razpolago pape\u017eu Pavlu III, da jih ta po\u0161lje kamor se njemu zdi najbolj potrebno.<\/p>\n\n\n\n<p>15. aprila 1539 so ti prijatelji postavili temelj nove redovne dru\u017ebe, ki so jo poimenovali Societas Jesu, Dru\u017eba Jezusova. Uradna pape\u017eeva potrditev Dru\u017ebe Jezusove se je zgodila 27. septembra 1540. Eno leto pozneje je bil Ignacij enoglasno izvoljen za prvega vrhovnega predstojnika. Ostal je v Rimu, kjer je vodil mlado Dru\u017ebo, sestavil njene konstitucije, to je pravno osnovo \u017eivljenja in delovanja, si veliko dopisoval z drugimi jezuiti in tudi pastoralno deloval. Njegova posebna skrb so bili predvsem tisti, za katere se nih\u010de drug ni zavzemal, reve\u017ei, prostitutke, judje in podobni.<\/p>\n\n\n\n<p>31. julija 1556 je Ignacij v Rimu umrl. V tem \u010dasu je bilo po vsem svetu \u017ee ve\u010d kot tiso\u010d jezuitov. Leta 1622 je bil skupaj s svojim velikim prijateljem Fran\u010di\u0161kom Ksaverijem razgla\u0161en za svetnika. Njegov praznik je v koledarju 31. julija.<\/p>\n\n\n\n<p>Vir: Jezuiti v Sloveniji<\/p>\n","protected":false},"excerpt":{"rendered":"<p>Njegovo krstno ime je I\u0144igo. Ime Ignacij pa ima svoje osnove v latinski besedi ignis \u00bbogenj\u00ab.\u00a0Je svetnik, ki je cerkvi dal duhovne vaje in pape\u017ea Fran\u010di\u0161ka, ki je kot \u010dlan dru\u017ebe Jezusove prvi jezuit v zgodovini Cerkve na pape\u0161kem polo\u017eaju. <a href=\"https:\/\/romar.rkc.si\/?page_id=499\" class=\"read-more\">Preberi ve\u010d &#8230;<\/a><\/p>\n","protected":false},"author":1,"featured_media":0,"parent":0,"menu_order":0,"comment_status":"closed","ping_status":"closed","template":"","meta":{"footnotes":""},"class_list":["post-499","page","type-page","status-publish","hentry"],"_links":{"self":[{"href":"https:\/\/romar.rkc.si\/index.php?rest_route=\/wp\/v2\/pages\/499","targetHints":{"allow":["GET"]}}],"collection":[{"href":"https:\/\/romar.rkc.si\/index.php?rest_route=\/wp\/v2\/pages"}],"about":[{"href":"https:\/\/romar.rkc.si\/index.php?rest_route=\/wp\/v2\/types\/page"}],"author":[{"embeddable":true,"href":"https:\/\/romar.rkc.si\/index.php?rest_route=\/wp\/v2\/users\/1"}],"replies":[{"embeddable":true,"href":"https:\/\/romar.rkc.si\/index.php?rest_route=%2Fwp%2Fv2%2Fcomments&post=499"}],"version-history":[{"count":4,"href":"https:\/\/romar.rkc.si\/index.php?rest_route=\/wp\/v2\/pages\/499\/revisions"}],"predecessor-version":[{"id":530,"href":"https:\/\/romar.rkc.si\/index.php?rest_route=\/wp\/v2\/pages\/499\/revisions\/530"}],"wp:attachment":[{"href":"https:\/\/romar.rkc.si\/index.php?rest_route=%2Fwp%2Fv2%2Fmedia&parent=499"}],"curies":[{"name":"wp","href":"https:\/\/api.w.org\/{rel}","templated":true}]}}