{"id":43,"date":"2022-10-09T20:09:24","date_gmt":"2022-10-09T18:09:24","guid":{"rendered":"https:\/\/romar.rkc.si\/?page_id=43"},"modified":"2025-01-03T10:53:46","modified_gmt":"2025-01-03T09:53:46","slug":"molitve-za-dvz","status":"publish","type":"page","link":"https:\/\/romar.rkc.si\/?page_id=43","title":{"rendered":"Molitve za DV\u017d"},"content":{"rendered":"\n<p>Prosim te Bog, moj Gospod za milost, da bi bili vsi moji nameni, dejavnosti in opravila usmerjeni samo v slu\u017ebo in slavo Bo\u017ejega veli\u010dastva.<\/p>\n\n\n\n<p><strong>MOLITEV IGNACIJA LOJOLSKEGA<\/strong><\/p>\n\n\n\n<p>Vzemi, Gospod, in sprejmi vso mojo svobodo,<br>moj spomin, moj razum in vso mojo voljo,<br>karkoli imam ali premorem.<\/p>\n\n\n\n<p>Ti si mi to dal, tebi, Gospod, to vra\u010dam.<br>Vse je tvoje, razpolagaj z vsem popolnoma po svoji sveti volji.<br>Daj mi svojo ljubezen in milost, to mi zado\u0161\u010da<strong>.<\/strong><\/p>\n\n\n\n<p><\/p>\n\n\n\n<hr class=\"wp-block-separator has-alpha-channel-opacity\"\/>\n\n\n\n<p><strong>MOLITEV V JEZUSOVEM IMENU<\/strong><\/p>\n\n\n\n<p>V tvojem Imenu Jezus Kristus in s tvojo oblastjo<br>ve\u017eem vse sile in mo\u010di v zraku, na zemlji, v vodi,<br>v podzemlju, v onstranstvu, v naravi in v ognju.<\/p>\n\n\n\n<p>Ti si Gospod vsega vesolja, slavim te v imenu tvojega stvarstva.<br>V tvojem imenu ve\u017eem vse demonske sile, ki ogro\u017eajo nas in na\u0161e dru\u017eine.<br>Vse nas dajem v za\u0161\u010dito tvoje dragocene Krvi, ki je prelita za nas na kri\u017eu.<br>Marija, na\u0161a Mati, prosim te za tvoje varstvo in pripro\u0161njo.<br>Priporo\u010di vse na\u0161e dru\u017eine Presvetemu Srcu Jezusovemu.<br>Ogrni nas s svojim pla\u0161\u010dem ljubezni, da se sovra\u017enik prestra\u0161i.<br>Sveti Mihael in na\u0161i angeli varuhi, pridite in varujte nas in na\u0161e dru\u017eine<br>v boju proti vsemu zlu, ki hodi okrog nas po svetu.<\/p>\n\n\n\n<p>V tvojem Imenu Jezus zapovedujem vsem silam in mo\u010dem zla,<br>da takoj odstopite od nas, od na\u0161ih domov in na\u0161e domovine.<\/p>\n\n\n\n<p>Zahvaljujemo se ti, Gospod Jezus, ker si zvesti Bog in \u010duti\u0161 z nami.<\/p>\n\n\n\n<p>Amen.<\/p>\n\n\n\n<p>Slava O\u010detu in Sinu in Svetemu Duhu,<br>kakor je bilo v za\u010detku tako zdaj in vselej in vekomaj.<\/p>\n\n\n\n<p>Amen.<\/p>\n\n\n\n<hr class=\"wp-block-separator has-alpha-channel-opacity\"\/>\n\n\n\n<p><\/p>\n\n\n\n<p><strong>MOLITEV ZA UDELE\u017dENCE DUHOVNIH VAJ<\/strong><\/p>\n\n\n\n<p>Postavljamo se v prisotnost Jezusa Kristusa in se podrejamo njegovi oblasti. Obla\u010dimo vso Bo\u017ejo opremo, da se lahko upremo hudi\u010devim zvija\u010dam. Trdno stoje\u010d se opasujemo okoli ledij z resnico, obla\u010dimo oklep pravi\u010dnosti. Jemljemo veliki \u0161\u010dit vere; z njim bomo lahko pogasili vse ognjene pu\u0161\u010dice hudega. Jemljemo \u010delado odre\u0161enja in me\u010d Duha, kar je Bo\u017eja beseda.<br>V Imenu Jezusa Kristusa, kri\u017eanega, umrlega in vstalega, ve\u017eemo vse hudobne duhove v zraku, vodi, ognju, vetru, zemlji, podzemlju in onstranstvu. Kli\u010demo Jezusovo Kri, da za\u0161\u010diti zrak, atmosfero, vodo, ogenj, veter, zemljo in njene sadove okrog nas, podzemlje in onstranstvo.<br>V Jezusovem Imenu uni\u010dujemo vsak vpliv katerekoli izgubljene ali padle du\u0161e, poslancev satanovega poveljstva, \u010darovnic in \u010darovnikov, \u010dastilcev satana, ki so lahko prisotni na nadnaraven na\u010din. V Jezusovem Imenu vsem tem prepovedujemo, da si pomagajo na kakr\u0161enkoli na\u010din in da delajo karkoli drugega, razen tega, kar jim zapovemo v Jezusovem Imenu.<br>V Jezusovem Imenu lomimo in uni\u010dujemo vse satanske pe\u010date, ki so vtisnjeni na ta prostor, na spremljevalce in njihovo slu\u017eenje, na udele\u017eence in njihovo opravljanje duhovnih vaj, na vse na\u0161e dru\u017eine, sodelavce, na na\u0161e domove, lastnino in vire pre\u017eivljanja (sedemkrat).<br>V Imenu Jezusa Kristusa in po zaslugah njegove predragocene Krvi prekinjamo in uni\u010dujemo vsakr\u0161no prekletstvo, za\u010daranost, urok, zapis, amulet, \u010darovni\u0161tvo, napovedovanje prihodnosti, vezanost, zvija\u010do, zmoto, zanko, la\u017e, kamen spotike, oviro, prevaro, goljufijo, blaznost ali odvra\u010danje pozornosti, zasu\u017enjenost, duhovno vezanost, duhovni vpliv ali zapoved, kot tudi katerokoli telesno, du\u0161evno, umsko ali duhovno bolezen, vr\u017eeno na nas, na ta prostor, na katerokoli omenjeno osebo, kraj ali stvar, na kakr\u0161enkoli na\u010din ali zaradi na\u0161ih lastnih napak in grehov.<br>V Imenu Boga O\u010deta pe\u010datimo s krvjo Jezusa Kristusa ta prostor, vse spremljevalce in udele\u017eence duhovnih vaj, vse na\u0161e dru\u017eine in sodelavce, prebivali\u0161\u010da, lastnino in vire pre\u017eivljanja.<br>V Imenu Boga Sina pe\u010datimo \u2026<br>V Imenu Boga Svetega Duha pe\u010datimo \u2026<br>Gospod Jezus, prosimo Te, da blagoslovi\u0161 vsakega udele\u017eenca in vsakega spremljevalca duhovnih vaj. Izro\u010damo Ti svojo svobodo, da uresni\u010di\u0161 vse, kar je v tvoji sveti volji za te duhovne vaje.<br>O Brezmade\u017ena Marija, ogrni nas v svetlobo in mo\u010d svoje vere.<br>O\u010de, prosimo Te, da po\u0161lje\u0161 angele in svete, ki nam bodo pomagali pri vodenju in slu\u017eenju udele\u017eencem.<br>Hvala Ti, Gospod Jezus, na\u0161 Odre\u0161enik; Ti nas posve\u010duje\u0161, Ti nas ljubi\u0161 in u\u010di\u0161, Ti nas ozdravlja\u0161 in nas osvobaja\u0161. Prepu\u0161\u010damo se delovanju Svetega Duha, ki naj nas vodi pri spremljanju udele\u017eencev, ki si nam jih zaupal.<br>Slava O\u010detu in Sinu in Svetemu Duhu, kakor je bilo v za\u010detku, tako zdaj in vselej in vekomaj.<\/p>\n\n\n\n<p>Amen.<\/p>\n\n\n\n<p><\/p>\n\n\n\n<p><strong>33 RODOV &#8211; MOLITEV ZA OZDRAVLJENJE RODOVNIKA<\/strong><\/p>\n\n\n\n<p>IZREK: \u00bbPo plamenu ljubezni Marijinega brezmade\u017enega srca, dajem (\u0161tejem od zadaj \u2013 od 33. do 1.) x-rod mojih ali y-ime prednikov (npr.: 15. rod mojega brata, Ypsilona \u2013 oziroma te in te osebe, \u010de ne vem imena povem samo sorodstveno vez, ali opis osebe), v Jezusove rane, da ozdravi in se napolni s Svetim Duhom.\u00ab<\/p>\n\n\n\n<p>POTEK: Izrek izro\u010dam pri svetih ma\u0161ah ob \u00bbPovzdigovanju\u00ab, ali pri prejemu \u00bbSvetega obhajila\u00ab. (Se pravi za vsak rod, prisotnost pri tolikih ma\u0161ah). Jezusu dam obljubo, da bom to opravil-a in Jezus bo deloval po moji veri in vztrajnosti. Med zaporedji dni darovanja, mora biti obvezno vklju\u010dena nedelja (zakramentalni dan).<\/p>\n\n\n\n<p>Npr.: \u010de je to enkrat na mesec (se pravi 33 mesecev), naj bo to nedelja. \u010ce je enkrat na teden (se pravi 33 tednov), izberem nedeljo. \u010ce je tri dni, na teden, ali na mesec, naj bo eden od teh dni nedelja. \u010ce je vsak dan (se pravi 33 dni), ni problema o razmi\u0161ljanju za nedeljo, ker to pomeni sedem dni na teden in je izpolnjeno, da je v teh dneh, tudi nedelja.<\/p>\n\n\n\n<p>OPOMBA: Kadar molim za ve\u010d otrok istega o\u010deta oziroma iste matere, molim ne glede na to, za vsakega otroka posebej (zaradi razli\u010dnih vplivov po veji rodovnika).<\/p>\n\n\n\n<p>PREDNOST: Ni ti treba osebno poznati \u010dlane rodovnika, (lahko so \u017ee pokojni), za katere moli\u0161, niti njihove preteklosti, saj se tako obvaruje\u0161 novih ran (spoznanja vplivov).<\/p>\n\n\n\n<p>NEVARNOST: Med potekom, deluje HD, ker se upira ozdravljenju, (najbolj nagaja pri mo\u017enosti izpolnitve obljube, ali pri spominu za kateri rod moli\u0161\u2026); toda zmagovalec je Jezus!<\/p>\n\n\n\n<p>SADOVI: Ve\u010d oseb je pri\u010devalo o spremembi v dru\u017eini po molitvi, ki je bila dele\u017ena bolj\u0161ih odnosov in miru.<\/p>\n\n\n\n<p>ZAHVALA: Ne pozabi na zahvalo Gospodu, ki ozdravi rodovnik! (Bog deluje, tudi \u010de ti ne vidi\u0161)<\/p>\n\n\n\n<p><\/p>\n","protected":false},"excerpt":{"rendered":"<p>Prosim te Bog, moj Gospod za milost, da bi bili vsi moji nameni, dejavnosti in opravila usmerjeni samo v slu\u017ebo in slavo Bo\u017ejega veli\u010dastva. MOLITEV IGNACIJA LOJOLSKEGA Vzemi, Gospod, in sprejmi vso mojo svobodo,moj spomin, moj razum in vso mojo <a href=\"https:\/\/romar.rkc.si\/?page_id=43\" class=\"read-more\">Preberi ve\u010d &#8230;<\/a><\/p>\n","protected":false},"author":1,"featured_media":0,"parent":0,"menu_order":0,"comment_status":"closed","ping_status":"closed","template":"","meta":{"footnotes":""},"class_list":["post-43","page","type-page","status-publish","hentry"],"_links":{"self":[{"href":"https:\/\/romar.rkc.si\/index.php?rest_route=\/wp\/v2\/pages\/43","targetHints":{"allow":["GET"]}}],"collection":[{"href":"https:\/\/romar.rkc.si\/index.php?rest_route=\/wp\/v2\/pages"}],"about":[{"href":"https:\/\/romar.rkc.si\/index.php?rest_route=\/wp\/v2\/types\/page"}],"author":[{"embeddable":true,"href":"https:\/\/romar.rkc.si\/index.php?rest_route=\/wp\/v2\/users\/1"}],"replies":[{"embeddable":true,"href":"https:\/\/romar.rkc.si\/index.php?rest_route=%2Fwp%2Fv2%2Fcomments&post=43"}],"version-history":[{"count":6,"href":"https:\/\/romar.rkc.si\/index.php?rest_route=\/wp\/v2\/pages\/43\/revisions"}],"predecessor-version":[{"id":940,"href":"https:\/\/romar.rkc.si\/index.php?rest_route=\/wp\/v2\/pages\/43\/revisions\/940"}],"wp:attachment":[{"href":"https:\/\/romar.rkc.si\/index.php?rest_route=%2Fwp%2Fv2%2Fmedia&parent=43"}],"curies":[{"name":"wp","href":"https:\/\/api.w.org\/{rel}","templated":true}]}}