{"id":39,"date":"2023-08-29T10:43:50","date_gmt":"2023-08-29T08:43:50","guid":{"rendered":"https:\/\/romar.rkc.si\/?page_id=39"},"modified":"2026-01-29T11:03:03","modified_gmt":"2026-01-29T10:03:03","slug":"sv-ignacij-lojolski","status":"publish","type":"page","link":"https:\/\/romar.rkc.si\/?page_id=39","title":{"rendered":"Koledar DV\u017d 2025\/2026"},"content":{"rendered":"\n<p>Duhovne vaje v vsakdanjem \u017eivljenju potekajo od oktobra do maja. Ta krog premi\u0161ljevanj se za\u010dne 16. oktobra in zaklju\u010di zadnjo soboto v maju 2026, z romanjem v zahvalo za prejete milosti DV\u017d. Sre\u010danja potekajo v dvorani cerkve Kristusovega u\u010dlove\u010denja v Dravljah in sicer za:<\/p>\n\n\n\n<ul class=\"wp-block-list\">\n<li>spremljevalce: ob 14:00 do 15:30<\/li>\n\n\n\n<li>udele\u017eence: ob 15:45 do 20:00.&nbsp;&nbsp;&nbsp;<\/li>\n<\/ul>\n\n\n\n<p><strong>Datumi sre\u010danj:&nbsp;&nbsp;&nbsp;<\/strong>&nbsp;&nbsp;&nbsp;&nbsp;&nbsp;&nbsp;&nbsp;&nbsp;&nbsp;&nbsp;&nbsp;&nbsp;&nbsp;&nbsp;&nbsp;&nbsp;&nbsp; &nbsp;&nbsp;&nbsp;&nbsp;&nbsp;&nbsp;&nbsp;&nbsp;&nbsp;&nbsp;<\/p>\n\n\n\n<ul start=\"24\" class=\"wp-block-list\">\n<li>20. september 2025 \u00bb (UVOD \u2013 dan odprtih vrat s prijavo),&nbsp;&nbsp;&nbsp;&nbsp;&nbsp;&nbsp;&nbsp;&nbsp;&nbsp;&nbsp;<\/li>\n\n\n\n<li>25. oktober 2025 \u00bb (1. \u2013 5. ME LJUBEZEN),&nbsp;&nbsp;&nbsp;&nbsp;&nbsp;&nbsp;&nbsp;&nbsp;&nbsp;&nbsp;&nbsp;&nbsp;&nbsp;&nbsp;&nbsp;&nbsp;&nbsp;&nbsp;&nbsp;&nbsp;&nbsp;&nbsp;&nbsp;&nbsp;&nbsp;&nbsp;&nbsp;&nbsp;<\/li>\n\n\n\n<li>22. november 2025 \u00bb (6. \u2013&nbsp;9. ME GRE\u0160NOST),&nbsp;&nbsp;&nbsp;&nbsp;&nbsp;&nbsp;&nbsp;&nbsp;&nbsp;&nbsp;&nbsp;&nbsp;&nbsp;&nbsp;&nbsp;&nbsp;&nbsp;&nbsp;&nbsp;&nbsp;&nbsp;&nbsp;&nbsp;&nbsp;&nbsp;&nbsp;&nbsp;&nbsp;&nbsp;<\/li>\n\n\n\n<li>20. december 2025 \u00bb (10. \u2013 14. ME \u017dIVLJENJE),&nbsp;&nbsp;&nbsp;&nbsp;&nbsp;&nbsp;&nbsp;&nbsp;&nbsp;&nbsp;&nbsp;&nbsp;&nbsp;&nbsp;&nbsp;&nbsp;&nbsp;&nbsp;&nbsp;&nbsp;&nbsp;&nbsp;&nbsp;&nbsp;&nbsp;&nbsp;&nbsp;&nbsp;<\/li>\n\n\n\n<li>17. januar 2026 \u00bb (15. \u2013 18. ME SLU\u017dENJE),<\/li>\n\n\n\n<li>14. februar 2026&nbsp;\u00bb&nbsp;(19. \u2013 22. ME DELOVANJE),&nbsp;&nbsp;&nbsp;&nbsp;&nbsp;&nbsp;&nbsp;&nbsp;&nbsp;&nbsp;&nbsp;&nbsp;&nbsp;&nbsp;&nbsp;&nbsp;&nbsp;&nbsp;&nbsp;&nbsp;&nbsp;&nbsp;&nbsp;&nbsp;&nbsp;&nbsp;&nbsp;&nbsp;&nbsp;&nbsp;&nbsp;&nbsp;&nbsp;&nbsp;&nbsp;&nbsp;&nbsp;&nbsp;&nbsp;&nbsp;&nbsp;&nbsp;&nbsp;&nbsp;&nbsp;<\/li>\n\n\n\n<li>07. marec 2026 \u00bb (23. \u2013 25. ME SMRT &amp; REFLEKSIJA REFLEKSIJE), &nbsp; &nbsp;&nbsp;&nbsp;&nbsp;&nbsp;&nbsp;&nbsp;&nbsp;&nbsp;&nbsp;&nbsp;&nbsp;&nbsp;&nbsp;&nbsp;&nbsp;&nbsp;&nbsp;&nbsp;&nbsp;&nbsp;&nbsp;&nbsp;&nbsp;&nbsp;&nbsp;&nbsp;&nbsp;&nbsp;&nbsp;&nbsp;&nbsp;&nbsp;&nbsp;&nbsp;&nbsp;&nbsp;&nbsp;&nbsp;&nbsp;&nbsp;&nbsp;&nbsp;&nbsp;&nbsp;&nbsp;&nbsp;&nbsp;<\/li>\n\n\n\n<li>18. april 2026 \u00bb (26. \u2013 30 ME VSTAJENJE &amp; ROMANJE).<\/li>\n<\/ul>\n\n\n\n<p><strong>Drugi pomembni datumi:<\/strong><\/p>\n\n\n\n<ul class=\"wp-block-list\">\n<li>17. januar 2026 \u00bb pismo za Jezusa<\/li>\n\n\n\n<li>10. avgust 2026 \u00bb pisne prijave za DVT,<\/li>\n\n\n\n<li>od 27. avgusta do 30. avgusta 2026 \u00bb DVT &#8211; DUHOVNE VAJE V TI\u0160INI<\/li>\n\n\n\n<li>10. september 2025 \u00bb pisne prijave na DV\u017d za leto 2025\/26.<\/li>\n<\/ul>\n\n\n\n<p><strong>\u0160SP<\/strong> <strong>LJUBLJANA<\/strong> = \u0161ola spremljanja v Ignacijevem domu duhovnosti <\/p>\n\n\n\n<ul class=\"wp-block-list\">\n<li>ob torkih od 17:00 do 19:30<\/li>\n\n\n\n<li>ob sobotah od 9:00 do 13:00<\/li>\n<\/ul>\n\n\n\n<figure class=\"wp-block-table\"><table class=\"has-fixed-layout\"><tbody><tr><td>TOREK<\/td><td>7. oktober 2025<\/td><\/tr><tr><td>SOBOTA<\/td><td>25. oktober 2025<\/td><\/tr><tr><td>TOREK<\/td><td>4. november 2025<\/td><\/tr><tr><td>SOBOTA<\/td><td>22. november 2025<\/td><\/tr><tr><td>TOREK<\/td><td>2. december 2025<\/td><\/tr><tr><td>SOBOTA<\/td><td>20. december 2025<\/td><\/tr><tr><td>TOREK<\/td><td>6. januar 2026<\/td><\/tr><tr><td>SOBOTA<\/td><td>17. januar 2026<\/td><\/tr><tr><td>\u010cETRTEK &#8211; NEDELJA<strong>*<\/strong><\/td><td>29. januarja \u2013 1. februarja 2026<strong>*<\/strong><\/td><\/tr><tr><td>TOREK<\/td><td>3. februar 2026<\/td><\/tr><tr><td>SOBOTA<\/td><td>14. februar 2026<\/td><\/tr><tr><td>SOBOTA<\/td><td>7. marec 2026<\/td><\/tr><tr><td>TOREK<\/td><td>17. marec 2026<\/td><\/tr><tr><td>TOREK<\/td><td>7. april 2026<\/td><\/tr><tr><td>SOBOTA<\/td><td>18. april 2026<\/td><\/tr><tr><td>TOREK<\/td><td>5. maj 2026<\/td><\/tr><tr><td>SOBOTA<\/td><td>16. maj 2026<\/td><\/tr><\/tbody><\/table><\/figure>\n\n\n\n<p>*<strong>Vikend \u0161ola spremljanja je obvezna za vse spremljevalce.<\/strong><\/p>\n\n\n\n<p><strong>ME<\/strong> = molitvena enota<\/p>\n\n\n\n<p><strong>RR<\/strong> = refleksija refleksije (1dan\/1ME=1teden)<\/p>\n\n\n\n<p><strong>R<\/strong> = romanje organizira in vodi molitvena ekipa<\/p>\n\n\n\n<p><strong>DVT <\/strong>= duhovne vaje v ti\u0161ini<\/p>\n\n\n\n<p><strong>Opombe:&nbsp;&nbsp;<\/strong><\/p>\n\n\n\n<p>Premi\u0161ljevanje vsake ME se za\u010dne vedno&nbsp;na&nbsp;\u010detrtek, v sredo je refleksija \u2013 pregled preteklega tedna.<\/p>\n\n\n\n<p>Premi\u0161ljevanja potekajo&nbsp;neprekinjeno&nbsp;od za\u010detka do konca procesa.<\/p>\n\n\n\n<p>Pogovori so 1x tedensko po dogovoru. Za vse pogovore se&nbsp;dogovorita&nbsp;direktno udele\u017eenec in spremljevalec.<\/p>\n\n\n\n<p>Na koncu se napravi RR,&nbsp;ki traja 30 dni, vsak dan&nbsp;premi\u0161ljujemo eno ME.<\/p>\n\n\n\n<p><strong>Posebnosti :<\/strong><\/p>\n\n\n\n<ul class=\"wp-block-list\">\n<li>\u017eivljenjska&nbsp;spoved&nbsp;v 8. oziroma v 9. tednu (mo\u017enost za spoved bo tudi na sre\u010danju 20. 12. 2025),<\/li>\n\n\n\n<li>v 18. tednu je \u010das za&nbsp;izbiro,<\/li>\n\n\n\n<li>velikono\u010dni teden od 02. 04. 2026 do 06. 04. 2026.<\/li>\n<\/ul>\n\n\n\n<p><strong>S klikom na spodnjo povezavo lahko izpi\u0161ete koledar v PDF obliki.<\/strong><\/p>\n\n\n\n<p><a href=\"https:\/\/romar.rkc.si\/wp-content\/uploads\/2026\/01\/Koledar-2025-26-EXCEL_DOPOLNJEN.pdf\">Koledar DV\u017d za izpis v pdf.<\/a><\/p>\n\n\n\n<p><\/p>\n\n\n\n<p><\/p>\n","protected":false},"excerpt":{"rendered":"<p>Duhovne vaje v vsakdanjem \u017eivljenju potekajo od oktobra do maja. Ta krog premi\u0161ljevanj se za\u010dne 16. oktobra in zaklju\u010di zadnjo soboto v maju 2026, z romanjem v zahvalo za prejete milosti DV\u017d. Sre\u010danja potekajo v dvorani cerkve Kristusovega u\u010dlove\u010denja v <a href=\"https:\/\/romar.rkc.si\/?page_id=39\" class=\"read-more\">Preberi ve\u010d &#8230;<\/a><\/p>\n","protected":false},"author":1,"featured_media":273,"parent":0,"menu_order":0,"comment_status":"closed","ping_status":"closed","template":"","meta":{"footnotes":""},"class_list":["post-39","page","type-page","status-publish","has-post-thumbnail","hentry"],"_links":{"self":[{"href":"https:\/\/romar.rkc.si\/index.php?rest_route=\/wp\/v2\/pages\/39","targetHints":{"allow":["GET"]}}],"collection":[{"href":"https:\/\/romar.rkc.si\/index.php?rest_route=\/wp\/v2\/pages"}],"about":[{"href":"https:\/\/romar.rkc.si\/index.php?rest_route=\/wp\/v2\/types\/page"}],"author":[{"embeddable":true,"href":"https:\/\/romar.rkc.si\/index.php?rest_route=\/wp\/v2\/users\/1"}],"replies":[{"embeddable":true,"href":"https:\/\/romar.rkc.si\/index.php?rest_route=%2Fwp%2Fv2%2Fcomments&post=39"}],"version-history":[{"count":44,"href":"https:\/\/romar.rkc.si\/index.php?rest_route=\/wp\/v2\/pages\/39\/revisions"}],"predecessor-version":[{"id":1065,"href":"https:\/\/romar.rkc.si\/index.php?rest_route=\/wp\/v2\/pages\/39\/revisions\/1065"}],"wp:featuredmedia":[{"embeddable":true,"href":"https:\/\/romar.rkc.si\/index.php?rest_route=\/wp\/v2\/media\/273"}],"wp:attachment":[{"href":"https:\/\/romar.rkc.si\/index.php?rest_route=%2Fwp%2Fv2%2Fmedia&parent=39"}],"curies":[{"name":"wp","href":"https:\/\/api.w.org\/{rel}","templated":true}]}}