{"id":37,"date":"2022-10-09T20:05:44","date_gmt":"2022-10-09T18:05:44","guid":{"rendered":"https:\/\/romar.rkc.si\/?page_id=37"},"modified":"2023-11-20T10:11:36","modified_gmt":"2023-11-20T09:11:36","slug":"informacije","status":"publish","type":"page","link":"https:\/\/romar.rkc.si\/?page_id=37","title":{"rendered":"Kontakt"},"content":{"rendered":"\n<p class=\"has-text-align-center\">Za informacije glede DV\u017d nas lahko kontaktirate na e-mail: <a href=\"mailto:romar@rkc.si\"><strong>romar@rkc.si<\/strong><\/a> .<\/p>\n\n\n\n<p class=\"has-text-align-center\">Na va\u0161a vpra\u0161anja bova odgovarjali:<\/p>\n\n\n<div class=\"wp-block-image\">\n<figure class=\"aligncenter size-large is-resized\"><img loading=\"lazy\" decoding=\"async\" width=\"1024\" height=\"579\" src=\"https:\/\/romar.rkc.si\/wp-content\/uploads\/2022\/12\/Aleksandra-Babic-4-1024x579.png\" alt=\"\" class=\"wp-image-569\" style=\"width:-259px;height:-146px\" srcset=\"https:\/\/romar.rkc.si\/wp-content\/uploads\/2022\/12\/Aleksandra-Babic-4-1024x579.png 1024w, https:\/\/romar.rkc.si\/wp-content\/uploads\/2022\/12\/Aleksandra-Babic-4-300x169.png 300w, https:\/\/romar.rkc.si\/wp-content\/uploads\/2022\/12\/Aleksandra-Babic-4-768x434.png 768w, https:\/\/romar.rkc.si\/wp-content\/uploads\/2022\/12\/Aleksandra-Babic-4-1536x868.png 1536w, https:\/\/romar.rkc.si\/wp-content\/uploads\/2022\/12\/Aleksandra-Babic-4-360x203.png 360w, https:\/\/romar.rkc.si\/wp-content\/uploads\/2022\/12\/Aleksandra-Babic-4.png 1577w\" sizes=\"auto, (max-width: 1024px) 100vw, 1024px\" \/><figcaption class=\"wp-element-caption\">                                                                                              <\/figcaption><\/figure>\n<\/div>\n\n\n<p class=\"has-text-align-center\"> <strong>Aleksandra Babi\u010d, <\/strong>koordinatorka <\/p>\n\n\n\n<p class=\"has-text-align-center\">in <\/p>\n\n\n\n<p class=\"has-text-align-center\"><strong>Tanja Leben, <\/strong>pomo\u010dnica.<\/p>\n","protected":false},"excerpt":{"rendered":"<p>Za informacije glede DV\u017d nas lahko kontaktirate na e-mail: romar@rkc.si . Na va\u0161a vpra\u0161anja bova odgovarjali: Aleksandra Babi\u010d, koordinatorka in Tanja Leben, pomo\u010dnica.<\/p>\n","protected":false},"author":1,"featured_media":0,"parent":0,"menu_order":0,"comment_status":"closed","ping_status":"closed","template":"","meta":{"footnotes":""},"class_list":["post-37","page","type-page","status-publish","hentry"],"_links":{"self":[{"href":"https:\/\/romar.rkc.si\/index.php?rest_route=\/wp\/v2\/pages\/37","targetHints":{"allow":["GET"]}}],"collection":[{"href":"https:\/\/romar.rkc.si\/index.php?rest_route=\/wp\/v2\/pages"}],"about":[{"href":"https:\/\/romar.rkc.si\/index.php?rest_route=\/wp\/v2\/types\/page"}],"author":[{"embeddable":true,"href":"https:\/\/romar.rkc.si\/index.php?rest_route=\/wp\/v2\/users\/1"}],"replies":[{"embeddable":true,"href":"https:\/\/romar.rkc.si\/index.php?rest_route=%2Fwp%2Fv2%2Fcomments&post=37"}],"version-history":[{"count":13,"href":"https:\/\/romar.rkc.si\/index.php?rest_route=\/wp\/v2\/pages\/37\/revisions"}],"predecessor-version":[{"id":802,"href":"https:\/\/romar.rkc.si\/index.php?rest_route=\/wp\/v2\/pages\/37\/revisions\/802"}],"wp:attachment":[{"href":"https:\/\/romar.rkc.si\/index.php?rest_route=%2Fwp%2Fv2%2Fmedia&parent=37"}],"curies":[{"name":"wp","href":"https:\/\/api.w.org\/{rel}","templated":true}]}}