{"id":22,"date":"2022-10-09T19:51:44","date_gmt":"2022-10-09T17:51:44","guid":{"rendered":"https:\/\/romar.rkc.si\/?page_id=22"},"modified":"2022-12-06T09:07:18","modified_gmt":"2022-12-06T08:07:18","slug":"literatura-za-dvz","status":"publish","type":"page","link":"https:\/\/romar.rkc.si\/?page_id=22","title":{"rendered":"Pripomo\u010dki za delo"},"content":{"rendered":"\n<p><\/p>\n\n\n\n<p><strong>S klikom na tekst lahko prenesete na svoj ra\u010dunalnik:<\/strong><\/p>\n\n\n\n<p><a href=\"https:\/\/romar.rkc.si\/wp-content\/uploads\/2022\/10\/sprasevanje_vesti.pdf\">Vpra\u0161alnik za spra\u0161evanje vesti<\/a><\/p>\n\n\n\n<figure class=\"wp-block-image size-full is-resized\"><img loading=\"lazy\" decoding=\"async\" src=\"https:\/\/romar.rkc.si\/wp-content\/uploads\/2022\/10\/21-2.png\" alt=\"\" class=\"wp-image-351\" width=\"274\" height=\"186\" srcset=\"https:\/\/romar.rkc.si\/wp-content\/uploads\/2022\/10\/21-2.png 793w, https:\/\/romar.rkc.si\/wp-content\/uploads\/2022\/10\/21-2-300x204.png 300w, https:\/\/romar.rkc.si\/wp-content\/uploads\/2022\/10\/21-2-768x523.png 768w, https:\/\/romar.rkc.si\/wp-content\/uploads\/2022\/10\/21-2-360x245.png 360w\" sizes=\"auto, (max-width: 274px) 100vw, 274px\" \/><\/figure>\n\n\n\n<p><\/p>\n\n\n\n<p><a href=\"https:\/\/romar.rkc.si\/wp-content\/uploads\/2022\/10\/izbira.pdf\">Na\u010din izbire s sedmimi koraki<\/a><\/p>\n\n\n\n<figure class=\"wp-block-image size-full is-resized\"><img loading=\"lazy\" decoding=\"async\" src=\"https:\/\/romar.rkc.si\/wp-content\/uploads\/2022\/10\/White-Pink-Shape-Dental-Logo-5.png\" alt=\"\" class=\"wp-image-355\" width=\"277\" height=\"170\" srcset=\"https:\/\/romar.rkc.si\/wp-content\/uploads\/2022\/10\/White-Pink-Shape-Dental-Logo-5.png 829w, https:\/\/romar.rkc.si\/wp-content\/uploads\/2022\/10\/White-Pink-Shape-Dental-Logo-5-300x185.png 300w, https:\/\/romar.rkc.si\/wp-content\/uploads\/2022\/10\/White-Pink-Shape-Dental-Logo-5-768x472.png 768w, https:\/\/romar.rkc.si\/wp-content\/uploads\/2022\/10\/White-Pink-Shape-Dental-Logo-5-360x221.png 360w\" sizes=\"auto, (max-width: 277px) 100vw, 277px\" \/><\/figure>\n\n\n\n<p><\/p>\n\n\n\n<p><a href=\"https:\/\/romar.rkc.si\/wp-content\/uploads\/2022\/10\/Duhovne-vaje-Sv-Ignacija-knjizica.pdf\">Duhovne vaje sv. Ignacija Lojolskega &#8211; knji\u017eica<\/a><\/p>\n\n\n\n<figure class=\"wp-block-image size-full is-resized\"><img loading=\"lazy\" decoding=\"async\" src=\"https:\/\/romar.rkc.si\/wp-content\/uploads\/2022\/10\/19-2.png\" alt=\"\" class=\"wp-image-353\" width=\"279\" height=\"199\" srcset=\"https:\/\/romar.rkc.si\/wp-content\/uploads\/2022\/10\/19-2.png 837w, https:\/\/romar.rkc.si\/wp-content\/uploads\/2022\/10\/19-2-300x214.png 300w, https:\/\/romar.rkc.si\/wp-content\/uploads\/2022\/10\/19-2-768x549.png 768w, https:\/\/romar.rkc.si\/wp-content\/uploads\/2022\/10\/19-2-360x257.png 360w\" sizes=\"auto, (max-width: 279px) 100vw, 279px\" \/><\/figure>\n\n\n\n<p><\/p>\n\n\n\n<p><a href=\"https:\/\/romar.rkc.si\/wp-content\/uploads\/2022\/12\/Zivljenjepis-svete-Rite.pdf\" data-type=\"URL\" data-id=\"https:\/\/romar.rkc.si\/wp-content\/uploads\/2022\/12\/Zivljenjepis-svete-Rite.pdf\">\u017divljenjepis svete Rite<\/a><\/p>\n\n\n\n<p><a href=\"https:\/\/romar.rkc.si\/wp-content\/uploads\/2022\/10\/sveta-rita.pdf\">Molitve k sveti Riti<\/a><\/p>\n\n\n\n<p><a href=\"https:\/\/romar.rkc.si\/wp-content\/uploads\/2022\/12\/Litanije-svete-Rite.pdf\">Litanije svete Rite<\/a><\/p>\n\n\n\n<figure class=\"wp-block-image size-full is-resized\"><img loading=\"lazy\" decoding=\"async\" src=\"https:\/\/romar.rkc.si\/wp-content\/uploads\/2022\/12\/White-Pink-Shape-Dental-Logo-11.png\" alt=\"\" class=\"wp-image-434\" width=\"279\" height=\"177\" srcset=\"https:\/\/romar.rkc.si\/wp-content\/uploads\/2022\/12\/White-Pink-Shape-Dental-Logo-11.png 794w, https:\/\/romar.rkc.si\/wp-content\/uploads\/2022\/12\/White-Pink-Shape-Dental-Logo-11-300x190.png 300w, https:\/\/romar.rkc.si\/wp-content\/uploads\/2022\/12\/White-Pink-Shape-Dental-Logo-11-768x487.png 768w, https:\/\/romar.rkc.si\/wp-content\/uploads\/2022\/12\/White-Pink-Shape-Dental-Logo-11-360x228.png 360w\" sizes=\"auto, (max-width: 279px) 100vw, 279px\" \/><\/figure>\n\n\n\n<p><\/p>\n\n\n\n<p><\/p>\n\n\n\n<div class=\"wp-block-media-text alignwide is-stacked-on-mobile\"><figure class=\"wp-block-media-text__media\"><img loading=\"lazy\" decoding=\"async\" width=\"1024\" height=\"1024\" src=\"https:\/\/romar.rkc.si\/wp-content\/uploads\/2022\/10\/30-tedenske-DVZ-1024x1024.png\" alt=\"\" class=\"wp-image-151 size-full\" srcset=\"https:\/\/romar.rkc.si\/wp-content\/uploads\/2022\/10\/30-tedenske-DVZ-1024x1024.png 1024w, https:\/\/romar.rkc.si\/wp-content\/uploads\/2022\/10\/30-tedenske-DVZ-300x300.png 300w, https:\/\/romar.rkc.si\/wp-content\/uploads\/2022\/10\/30-tedenske-DVZ-150x150.png 150w, https:\/\/romar.rkc.si\/wp-content\/uploads\/2022\/10\/30-tedenske-DVZ-768x768.png 768w, https:\/\/romar.rkc.si\/wp-content\/uploads\/2022\/10\/30-tedenske-DVZ-1536x1536.png 1536w, https:\/\/romar.rkc.si\/wp-content\/uploads\/2022\/10\/30-tedenske-DVZ-270x270.png 270w, https:\/\/romar.rkc.si\/wp-content\/uploads\/2022\/10\/30-tedenske-DVZ.png 1654w\" sizes=\"auto, (max-width: 1024px) 100vw, 1024px\" \/><\/figure><div class=\"wp-block-media-text__content\">\n<p><strong>NAVODILA DV\u017d in NAVODILA DVT <\/strong><\/p>\n\n\n\n<p>Na\u010din premi\u0161ljevanja: <strong>samo za spremljevalce\/spremljevalke<\/strong><\/p>\n\n\n\n<p>Vsebina: <strong>koncept nagovorov in zadol\u017eitve posameznikov<\/strong><\/p>\n<\/div><\/div>\n","protected":false},"excerpt":{"rendered":"<p>S klikom na tekst lahko prenesete na svoj ra\u010dunalnik: Vpra\u0161alnik za spra\u0161evanje vesti Na\u010din izbire s sedmimi koraki Duhovne vaje sv. Ignacija Lojolskega &#8211; knji\u017eica \u017divljenjepis svete Rite Molitve k sveti Riti Litanije svete Rite NAVODILA DV\u017d in NAVODILA DVT <a href=\"https:\/\/romar.rkc.si\/?page_id=22\" class=\"read-more\">Preberi ve\u010d &#8230;<\/a><\/p>\n","protected":false},"author":1,"featured_media":0,"parent":0,"menu_order":0,"comment_status":"closed","ping_status":"closed","template":"","meta":{"footnotes":""},"class_list":["post-22","page","type-page","status-publish","hentry"],"_links":{"self":[{"href":"https:\/\/romar.rkc.si\/index.php?rest_route=\/wp\/v2\/pages\/22","targetHints":{"allow":["GET"]}}],"collection":[{"href":"https:\/\/romar.rkc.si\/index.php?rest_route=\/wp\/v2\/pages"}],"about":[{"href":"https:\/\/romar.rkc.si\/index.php?rest_route=\/wp\/v2\/types\/page"}],"author":[{"embeddable":true,"href":"https:\/\/romar.rkc.si\/index.php?rest_route=\/wp\/v2\/users\/1"}],"replies":[{"embeddable":true,"href":"https:\/\/romar.rkc.si\/index.php?rest_route=%2Fwp%2Fv2%2Fcomments&post=22"}],"version-history":[{"count":23,"href":"https:\/\/romar.rkc.si\/index.php?rest_route=\/wp\/v2\/pages\/22\/revisions"}],"predecessor-version":[{"id":519,"href":"https:\/\/romar.rkc.si\/index.php?rest_route=\/wp\/v2\/pages\/22\/revisions\/519"}],"wp:attachment":[{"href":"https:\/\/romar.rkc.si\/index.php?rest_route=%2Fwp%2Fv2%2Fmedia&parent=22"}],"curies":[{"name":"wp","href":"https:\/\/api.w.org\/{rel}","templated":true}]}}