{"id":13,"date":"2022-10-09T19:47:03","date_gmt":"2022-10-09T17:47:03","guid":{"rendered":"https:\/\/romar.rkc.si\/?page_id=13"},"modified":"2022-12-19T12:07:26","modified_gmt":"2022-12-19T11:07:26","slug":"duhovne-vaje-dvz","status":"publish","type":"page","link":"https:\/\/romar.rkc.si\/?page_id=13","title":{"rendered":"Duhovne vaje DV\u017d"},"content":{"rendered":"\n<p>Duhovne vaje v vsakdanjem \u017eivljenju (<strong>DV\u017d<\/strong>), <strong>skupnosti ROMAR<\/strong>, so do\u017eivele poseben razvoj:<\/p>\n\n\n\n<p><strong>Za\u010detek je bil leta 1997<\/strong>, ko nas je <strong>pater Marijan Jo\u017eef \u0160ef DJ<\/strong>, zbral za tri letno pripravljanje \u2013 u\u010denje na vsebino in pomen spremljanja duhovnih vaj. Po kon\u010danem \u0161olanju smo bili \u00bbdelno\u00ab usposobljeni spremljevalci in dobili imena, vsak po enem od svetnikov za spremljanje skupin pri duhovnih vajah.<\/p>\n\n\n<div class=\"wp-block-image\">\n<figure class=\"aligncenter size-large is-resized\"><img loading=\"lazy\" decoding=\"async\" src=\"https:\/\/romar.rkc.si\/wp-content\/uploads\/2022\/10\/Nisem-vedela-da-me-je-moje-srce-naredilo-za-bojni-voz-mojemu-krasnemu-junaku.-Vp-612-Vzela-sem-pero-in-zacela-pisati-\u2026-1-1-1024x577.png\" alt=\"\" class=\"wp-image-224\" width=\"826\" height=\"465\" srcset=\"https:\/\/romar.rkc.si\/wp-content\/uploads\/2022\/10\/Nisem-vedela-da-me-je-moje-srce-naredilo-za-bojni-voz-mojemu-krasnemu-junaku.-Vp-612-Vzela-sem-pero-in-zacela-pisati-\u2026-1-1-1024x577.png 1024w, https:\/\/romar.rkc.si\/wp-content\/uploads\/2022\/10\/Nisem-vedela-da-me-je-moje-srce-naredilo-za-bojni-voz-mojemu-krasnemu-junaku.-Vp-612-Vzela-sem-pero-in-zacela-pisati-\u2026-1-1-300x169.png 300w, https:\/\/romar.rkc.si\/wp-content\/uploads\/2022\/10\/Nisem-vedela-da-me-je-moje-srce-naredilo-za-bojni-voz-mojemu-krasnemu-junaku.-Vp-612-Vzela-sem-pero-in-zacela-pisati-\u2026-1-1-768x433.png 768w, https:\/\/romar.rkc.si\/wp-content\/uploads\/2022\/10\/Nisem-vedela-da-me-je-moje-srce-naredilo-za-bojni-voz-mojemu-krasnemu-junaku.-Vp-612-Vzela-sem-pero-in-zacela-pisati-\u2026-1-1-1536x865.png 1536w, https:\/\/romar.rkc.si\/wp-content\/uploads\/2022\/10\/Nisem-vedela-da-me-je-moje-srce-naredilo-za-bojni-voz-mojemu-krasnemu-junaku.-Vp-612-Vzela-sem-pero-in-zacela-pisati-\u2026-1-1-360x203.png 360w, https:\/\/romar.rkc.si\/wp-content\/uploads\/2022\/10\/Nisem-vedela-da-me-je-moje-srce-naredilo-za-bojni-voz-mojemu-krasnemu-junaku.-Vp-612-Vzela-sem-pero-in-zacela-pisati-\u2026-1-1.png 1640w\" sizes=\"auto, (max-width: 826px) 100vw, 826px\" \/><\/figure>\n<\/div>\n\n\n<p><strong>Od leta 2003<\/strong> nam je <strong>dr.sc. Marica \u010cun\u010di\u0107<\/strong>, iz Velike Gorice pri Zagrebu, s svojimi izku\u0161njami doprinesla \u0161e poglobljena premi\u0161ljevanja in pogovore s posamezniki. Na to dragocenost smo se uvajali pribli\u017eno sedem let in bili del <strong>skupnosti INJIGO<\/strong>.<\/p>\n\n\n\n<p><strong>Leta 2010<\/strong> smo se izlo\u010dili iz skupnosti INJIGO in nastopili samostojno v Sloveniji z imenom <strong>ROMAR<\/strong>. Od takrat nadaljujemo DV\u017d, v poslu\u0161nosti vsem na\u0161im duhovnim u\u010diteljem (tudi patrom Dru\u017ebe Jezusove), predvsem pa Svetemu Duhu. <strong>Zavetnik in<\/strong> <strong>vzornik nam je Sveti Ignacij Lojolski<\/strong> z&nbsp; njegovimi <strong>Duhovnimi vajami<\/strong>. V pomo\u010d so nam <strong>Smernice za spremljevalce<\/strong> in <strong>Duhovne vaje v vsakdanjem \u017eivljenju za udele\u017eence<\/strong>, ki jih je napisal pater <strong>John A. Veltri DJ iz Kanade<\/strong>. Z razvojem se \u0161e dodaja gradivo, zaradi razli\u010dnih potreb premi\u0161ljevanja.<\/p>\n\n\n\n<p><strong>Do leta 2022<\/strong> je bila na\u0161a pastirica <strong>Marjetka Babi\u010d<\/strong> in <strong>Ivanka Kuclar<\/strong>, pomo\u010dnica <\/p>\n\n\n\n<p><strong>Januarja 2022<\/strong> pa smo bili ob nastopu novega vodstva dele\u017eni blagoslova, ki nam ga je med ve\u010derno sveto ma\u0161o podelil <strong>provincial Jezuitov, pater<\/strong> <strong>Miran \u017dvanut.<\/strong> Vodenje skupnosti sta prevzeli <strong>Aleksandra Babi\u010d<\/strong>, pastirica in <strong>Tanja Leben<\/strong>, pomo\u010dnica.<\/p>\n\n\n\n<figure class=\"wp-block-image size-large\"><img loading=\"lazy\" decoding=\"async\" width=\"1024\" height=\"481\" src=\"https:\/\/romar.rkc.si\/wp-content\/uploads\/2022\/12\/Blagoslov-v-Repnjah-2-1024x481.png\" alt=\"\" class=\"wp-image-586\" srcset=\"https:\/\/romar.rkc.si\/wp-content\/uploads\/2022\/12\/Blagoslov-v-Repnjah-2-1024x481.png 1024w, https:\/\/romar.rkc.si\/wp-content\/uploads\/2022\/12\/Blagoslov-v-Repnjah-2-300x141.png 300w, https:\/\/romar.rkc.si\/wp-content\/uploads\/2022\/12\/Blagoslov-v-Repnjah-2-768x361.png 768w, https:\/\/romar.rkc.si\/wp-content\/uploads\/2022\/12\/Blagoslov-v-Repnjah-2-1536x722.png 1536w, https:\/\/romar.rkc.si\/wp-content\/uploads\/2022\/12\/Blagoslov-v-Repnjah-2-360x169.png 360w, https:\/\/romar.rkc.si\/wp-content\/uploads\/2022\/12\/Blagoslov-v-Repnjah-2.png 1639w\" sizes=\"auto, (max-width: 1024px) 100vw, 1024px\" \/><\/figure>\n\n\n\n<p><strong>Dobrodo\u0161li vsi, ki \u017eelite skupaj z nami romati &#8211; se poglabljati v Bo\u017ejo besedo<\/strong>, ki pripomore k sprejemanju dobrih odlo\u010ditev, dejavnemu \u017eivljenju in temelji na pogovorih z Bogom. Ta vsakdanja duhovnost \u2013 kontemplativna molitev, nam odpira o\u010di, da spoznavamo Bo\u017eje delovanje v na\u0161em \u017eivljenju oziroma Njegovo osebno skrb za nas. Daje nam dar razlo\u010devanja, v nas prebuja ljubezen, nas osvobaja na\u0161ih neurejenih navad in nagnjen, da postajamo odgovorni Jezusovi sodelavci. Ko spoznamo, da je vse na svetu ustvarjeno za nas, da bi spoznali Njega, ki je na delu v vseh stvareh in se ni\u010d ne zgodi brez njegove volje, takrat na Bo\u017eji klic odgovarjamo: <strong>\u00bbDa, Gospod, tukaj sem!\u00ab<\/strong><\/p>\n\n\n<div class=\"wp-block-image\">\n<figure class=\"aligncenter size-large is-resized\"><img loading=\"lazy\" decoding=\"async\" src=\"https:\/\/romar.rkc.si\/wp-content\/uploads\/2022\/10\/Spremljevalci-ROMAR-1024x577.png\" alt=\"\" class=\"wp-image-347\" width=\"855\" height=\"480\" srcset=\"https:\/\/romar.rkc.si\/wp-content\/uploads\/2022\/10\/Spremljevalci-ROMAR-300x169.png 300w, https:\/\/romar.rkc.si\/wp-content\/uploads\/2022\/10\/Spremljevalci-ROMAR-1536x865.png 1536w, https:\/\/romar.rkc.si\/wp-content\/uploads\/2022\/10\/Spremljevalci-ROMAR-360x203.png 360w\" sizes=\"auto, (max-width: 855px) 100vw, 855px\" \/><\/figure>\n<\/div>\n\n\n<p><\/p>\n","protected":false},"excerpt":{"rendered":"<p>Duhovne vaje v vsakdanjem \u017eivljenju (DV\u017d), skupnosti ROMAR, so do\u017eivele poseben razvoj: Za\u010detek je bil leta 1997, ko nas je pater Marijan Jo\u017eef \u0160ef DJ, zbral za tri letno pripravljanje \u2013 u\u010denje na vsebino in pomen spremljanja duhovnih vaj. Po <a href=\"https:\/\/romar.rkc.si\/?page_id=13\" class=\"read-more\">Preberi ve\u010d &#8230;<\/a><\/p>\n","protected":false},"author":1,"featured_media":0,"parent":0,"menu_order":0,"comment_status":"closed","ping_status":"closed","template":"","meta":{"footnotes":""},"class_list":["post-13","page","type-page","status-publish","hentry"],"_links":{"self":[{"href":"https:\/\/romar.rkc.si\/index.php?rest_route=\/wp\/v2\/pages\/13","targetHints":{"allow":["GET"]}}],"collection":[{"href":"https:\/\/romar.rkc.si\/index.php?rest_route=\/wp\/v2\/pages"}],"about":[{"href":"https:\/\/romar.rkc.si\/index.php?rest_route=\/wp\/v2\/types\/page"}],"author":[{"embeddable":true,"href":"https:\/\/romar.rkc.si\/index.php?rest_route=\/wp\/v2\/users\/1"}],"replies":[{"embeddable":true,"href":"https:\/\/romar.rkc.si\/index.php?rest_route=%2Fwp%2Fv2%2Fcomments&post=13"}],"version-history":[{"count":11,"href":"https:\/\/romar.rkc.si\/index.php?rest_route=\/wp\/v2\/pages\/13\/revisions"}],"predecessor-version":[{"id":588,"href":"https:\/\/romar.rkc.si\/index.php?rest_route=\/wp\/v2\/pages\/13\/revisions\/588"}],"wp:attachment":[{"href":"https:\/\/romar.rkc.si\/index.php?rest_route=%2Fwp%2Fv2%2Fmedia&parent=13"}],"curies":[{"name":"wp","href":"https:\/\/api.w.org\/{rel}","templated":true}]}}